{"id":658,"date":"2024-10-05T10:16:31","date_gmt":"2024-10-05T08:16:31","guid":{"rendered":"https:\/\/bamboche-basket.com\/?page_id=658"},"modified":"2025-09-09T08:21:30","modified_gmt":"2025-09-09T06:21:30","slug":"contacts","status":"publish","type":"page","link":"https:\/\/bamboche-basket.com\/index.php\/contacts\/","title":{"rendered":"CONTACTS"},"content":{"rendered":"\n<p class=\"has-text-align-center\"><strong>Nous contacter : TEL. 06 19 34 35 44 \/\/ MAIL : accueil@bamboche-basket.com<\/strong><\/p>\n\n\n\n<p class=\"has-text-align-center has-small-font-size\">Les entra\u00eenements sont les mercredis de 18h \u00e0 19h30 ou de 17h \u00e0 18h30 (voir plaquette ci-dessous) . Nous contacter.<\/p>\n\n\n\n<figure class=\"wp-block-gallery has-nested-images columns-default is-cropped wp-block-gallery-1 is-layout-flex wp-block-gallery-is-layout-flex\">\n<figure class=\"wp-block-image size-large\"><img loading=\"lazy\" decoding=\"async\" width=\"722\" height=\"1024\" data-id=\"1848\" src=\"https:\/\/bamboche-basket.com\/wp-content\/uploads\/2025\/09\/Plaquette-BBL-2025-26-P1-722x1024.jpg\" alt=\"\" class=\"wp-image-1848\" srcset=\"https:\/\/bamboche-basket.com\/wp-content\/uploads\/2025\/09\/Plaquette-BBL-2025-26-P1-722x1024.jpg 722w, https:\/\/bamboche-basket.com\/wp-content\/uploads\/2025\/09\/Plaquette-BBL-2025-26-P1-211x300.jpg 211w, https:\/\/bamboche-basket.com\/wp-content\/uploads\/2025\/09\/Plaquette-BBL-2025-26-P1-768x1090.jpg 768w, https:\/\/bamboche-basket.com\/wp-content\/uploads\/2025\/09\/Plaquette-BBL-2025-26-P1-1083x1536.jpg 1083w, https:\/\/bamboche-basket.com\/wp-content\/uploads\/2025\/09\/Plaquette-BBL-2025-26-P1-1444x2048.jpg 1444w, https:\/\/bamboche-basket.com\/wp-content\/uploads\/2025\/09\/Plaquette-BBL-2025-26-P1.jpg 1748w\" sizes=\"auto, (max-width: 722px) 100vw, 722px\" \/><\/figure>\n\n\n\n<figure class=\"wp-block-image size-large\"><img loading=\"lazy\" decoding=\"async\" width=\"722\" height=\"1024\" data-id=\"1849\" src=\"https:\/\/bamboche-basket.com\/wp-content\/uploads\/2025\/09\/Plaquette-BBL-2025-26-P2-722x1024.jpg\" alt=\"\" class=\"wp-image-1849\" srcset=\"https:\/\/bamboche-basket.com\/wp-content\/uploads\/2025\/09\/Plaquette-BBL-2025-26-P2-722x1024.jpg 722w, https:\/\/bamboche-basket.com\/wp-content\/uploads\/2025\/09\/Plaquette-BBL-2025-26-P2-211x300.jpg 211w, https:\/\/bamboche-basket.com\/wp-content\/uploads\/2025\/09\/Plaquette-BBL-2025-26-P2-768x1090.jpg 768w, https:\/\/bamboche-basket.com\/wp-content\/uploads\/2025\/09\/Plaquette-BBL-2025-26-P2-1083x1536.jpg 1083w, https:\/\/bamboche-basket.com\/wp-content\/uploads\/2025\/09\/Plaquette-BBL-2025-26-P2-1444x2048.jpg 1444w, https:\/\/bamboche-basket.com\/wp-content\/uploads\/2025\/09\/Plaquette-BBL-2025-26-P2.jpg 1748w\" sizes=\"auto, (max-width: 722px) 100vw, 722px\" \/><\/figure>\n\n\n\n<figure class=\"wp-block-image size-large\"><img loading=\"lazy\" decoding=\"async\" width=\"722\" height=\"1024\" data-id=\"1850\" src=\"https:\/\/bamboche-basket.com\/wp-content\/uploads\/2025\/09\/Plaquette-BBL-2025-26-P3-722x1024.jpg\" alt=\"\" class=\"wp-image-1850\" srcset=\"https:\/\/bamboche-basket.com\/wp-content\/uploads\/2025\/09\/Plaquette-BBL-2025-26-P3-722x1024.jpg 722w, https:\/\/bamboche-basket.com\/wp-content\/uploads\/2025\/09\/Plaquette-BBL-2025-26-P3-211x300.jpg 211w, https:\/\/bamboche-basket.com\/wp-content\/uploads\/2025\/09\/Plaquette-BBL-2025-26-P3-768x1090.jpg 768w, https:\/\/bamboche-basket.com\/wp-content\/uploads\/2025\/09\/Plaquette-BBL-2025-26-P3-1083x1536.jpg 1083w, https:\/\/bamboche-basket.com\/wp-content\/uploads\/2025\/09\/Plaquette-BBL-2025-26-P3-1444x2048.jpg 1444w, https:\/\/bamboche-basket.com\/wp-content\/uploads\/2025\/09\/Plaquette-BBL-2025-26-P3.jpg 1748w\" sizes=\"auto, (max-width: 722px) 100vw, 722px\" \/><\/figure>\n\n\n\n<figure class=\"wp-block-image size-large\"><img loading=\"lazy\" decoding=\"async\" width=\"722\" height=\"1024\" data-id=\"1851\" src=\"https:\/\/bamboche-basket.com\/wp-content\/uploads\/2025\/09\/Plaquette-BBL-2025-26-P4-722x1024.jpg\" alt=\"\" class=\"wp-image-1851\" srcset=\"https:\/\/bamboche-basket.com\/wp-content\/uploads\/2025\/09\/Plaquette-BBL-2025-26-P4-722x1024.jpg 722w, https:\/\/bamboche-basket.com\/wp-content\/uploads\/2025\/09\/Plaquette-BBL-2025-26-P4-211x300.jpg 211w, https:\/\/bamboche-basket.com\/wp-content\/uploads\/2025\/09\/Plaquette-BBL-2025-26-P4-768x1090.jpg 768w, https:\/\/bamboche-basket.com\/wp-content\/uploads\/2025\/09\/Plaquette-BBL-2025-26-P4-1083x1536.jpg 1083w, https:\/\/bamboche-basket.com\/wp-content\/uploads\/2025\/09\/Plaquette-BBL-2025-26-P4-1444x2048.jpg 1444w, https:\/\/bamboche-basket.com\/wp-content\/uploads\/2025\/09\/Plaquette-BBL-2025-26-P4.jpg 1748w\" sizes=\"auto, (max-width: 722px) 100vw, 722px\" \/><\/figure>\n<\/figure>\n","protected":false},"excerpt":{"rendered":"<p>Nous contacter : TEL. 06 19 34 35 44 \/\/ MAIL : accueil@bamboche-basket.com Les entra\u00eenements sont les mercredis de 18h \u00e0 19h30 ou de 17h \u00e0 18h30 (voir plaquette ci-dessous) . Nous contacter.<\/p>\n","protected":false},"author":1,"featured_media":0,"parent":0,"menu_order":1,"comment_status":"closed","ping_status":"closed","template":"","meta":{"_kad_post_transparent":"","_kad_post_title":"","_kad_post_layout":"","_kad_post_sidebar_id":"","_kad_post_content_style":"","_kad_post_vertical_padding":"","_kad_post_feature":"","_kad_post_feature_position":"","_kad_post_header":false,"_kad_post_footer":false,"_kad_post_classname":"","footnotes":""},"class_list":["post-658","page","type-page","status-publish","hentry"],"_links":{"self":[{"href":"https:\/\/bamboche-basket.com\/index.php\/wp-json\/wp\/v2\/pages\/658","targetHints":{"allow":["GET"]}}],"collection":[{"href":"https:\/\/bamboche-basket.com\/index.php\/wp-json\/wp\/v2\/pages"}],"about":[{"href":"https:\/\/bamboche-basket.com\/index.php\/wp-json\/wp\/v2\/types\/page"}],"author":[{"embeddable":true,"href":"https:\/\/bamboche-basket.com\/index.php\/wp-json\/wp\/v2\/users\/1"}],"replies":[{"embeddable":true,"href":"https:\/\/bamboche-basket.com\/index.php\/wp-json\/wp\/v2\/comments?post=658"}],"version-history":[{"count":8,"href":"https:\/\/bamboche-basket.com\/index.php\/wp-json\/wp\/v2\/pages\/658\/revisions"}],"predecessor-version":[{"id":1913,"href":"https:\/\/bamboche-basket.com\/index.php\/wp-json\/wp\/v2\/pages\/658\/revisions\/1913"}],"wp:attachment":[{"href":"https:\/\/bamboche-basket.com\/index.php\/wp-json\/wp\/v2\/media?parent=658"}],"curies":[{"name":"wp","href":"https:\/\/api.w.org\/{rel}","templated":true}]}}