{"id":112,"date":"2024-03-16T21:43:51","date_gmt":"2024-03-16T20:43:51","guid":{"rendered":"https:\/\/bamboche-basket.com\/?page_id=112"},"modified":"2024-10-07T14:25:05","modified_gmt":"2024-10-07T12:25:05","slug":"bamboche-en-fleche","status":"publish","type":"page","link":"https:\/\/bamboche-basket.com\/index.php\/bamboche-en-fleche\/","title":{"rendered":"BAMBOCHE EN FLECHES !"},"content":{"rendered":"\n<p>Le rendez-vous \u00e9tait bien sympathique du c\u00f4t\u00e9 du Puy-las-Rodas jeudi 14 mars 2024 chez notre comparse Franck Pagnoux. De belles discussions ap\u00e9ritives, des d\u00e9gustations saveurs et des lancers de dards \u00e0 volont\u00e9 et sans compter (les points). Nous avons aussi valid\u00e9 notre projet associatif avec notamment : le d\u00e9veloppement du basket 3&#215;3, des animations dans les quartiers, des formations et des conf\u00e9rences. Et puis quelques projets innovants dans nos t\u00eates cabochardes. Si \u00e7a vous tente, \u00e7a nous dit. Nous sommes impatients de bambocher avec vous. D\u00e9dicaces au Limoges Fl\u00e9chettes Club pour son tr\u00e8s sympathique accueil et \u00e0 notre excellent photographe pr\u00e9f\u00e9r\u00e9 Philippe P\u00e9cher. Bamboche Basket Limoges, Club de basket citoyen et Association cabocharde \ud83e\udd28<\/p>\n\n\n\n<figure class=\"wp-block-gallery has-nested-images columns-default is-cropped wp-block-gallery-1 is-layout-flex wp-block-gallery-is-layout-flex\">\n<figure class=\"wp-block-image size-medium\"><img loading=\"lazy\" decoding=\"async\" width=\"300\" height=\"200\" data-id=\"94\" src=\"https:\/\/bamboche-basket.com\/wp-content\/uploads\/2024\/03\/L1001181-300x200.jpg\" alt=\"\" class=\"wp-image-94\" srcset=\"https:\/\/bamboche-basket.com\/wp-content\/uploads\/2024\/03\/L1001181-300x200.jpg 300w, https:\/\/bamboche-basket.com\/wp-content\/uploads\/2024\/03\/L1001181-1024x683.jpg 1024w, https:\/\/bamboche-basket.com\/wp-content\/uploads\/2024\/03\/L1001181-768x513.jpg 768w, https:\/\/bamboche-basket.com\/wp-content\/uploads\/2024\/03\/L1001181-1536x1025.jpg 1536w, https:\/\/bamboche-basket.com\/wp-content\/uploads\/2024\/03\/L1001181-2048x1367.jpg 2048w\" sizes=\"auto, (max-width: 300px) 100vw, 300px\" \/><\/figure>\n\n\n\n<figure class=\"wp-block-image size-large\"><img loading=\"lazy\" decoding=\"async\" width=\"1024\" height=\"683\" data-id=\"96\" src=\"https:\/\/bamboche-basket.com\/wp-content\/uploads\/2024\/03\/L1001205-1024x683.jpg\" alt=\"\" class=\"wp-image-96\" srcset=\"https:\/\/bamboche-basket.com\/wp-content\/uploads\/2024\/03\/L1001205-1024x683.jpg 1024w, https:\/\/bamboche-basket.com\/wp-content\/uploads\/2024\/03\/L1001205-300x200.jpg 300w, https:\/\/bamboche-basket.com\/wp-content\/uploads\/2024\/03\/L1001205-768x513.jpg 768w, https:\/\/bamboche-basket.com\/wp-content\/uploads\/2024\/03\/L1001205-1536x1025.jpg 1536w, https:\/\/bamboche-basket.com\/wp-content\/uploads\/2024\/03\/L1001205-2048x1367.jpg 2048w\" sizes=\"auto, (max-width: 1024px) 100vw, 1024px\" \/><\/figure>\n\n\n\n<figure class=\"wp-block-image size-large\"><img loading=\"lazy\" decoding=\"async\" width=\"1024\" height=\"683\" data-id=\"95\" src=\"https:\/\/bamboche-basket.com\/wp-content\/uploads\/2024\/03\/L1001199-1024x683.jpg\" alt=\"\" class=\"wp-image-95\" srcset=\"https:\/\/bamboche-basket.com\/wp-content\/uploads\/2024\/03\/L1001199-1024x683.jpg 1024w, https:\/\/bamboche-basket.com\/wp-content\/uploads\/2024\/03\/L1001199-300x200.jpg 300w, https:\/\/bamboche-basket.com\/wp-content\/uploads\/2024\/03\/L1001199-768x513.jpg 768w, https:\/\/bamboche-basket.com\/wp-content\/uploads\/2024\/03\/L1001199-1536x1025.jpg 1536w, https:\/\/bamboche-basket.com\/wp-content\/uploads\/2024\/03\/L1001199-2048x1367.jpg 2048w\" sizes=\"auto, (max-width: 1024px) 100vw, 1024px\" \/><\/figure>\n\n\n\n<figure class=\"wp-block-image size-large\"><img loading=\"lazy\" decoding=\"async\" width=\"1024\" height=\"683\" data-id=\"97\" src=\"https:\/\/bamboche-basket.com\/wp-content\/uploads\/2024\/03\/L1001165-1024x683.jpg\" alt=\"\" class=\"wp-image-97\" srcset=\"https:\/\/bamboche-basket.com\/wp-content\/uploads\/2024\/03\/L1001165-1024x683.jpg 1024w, https:\/\/bamboche-basket.com\/wp-content\/uploads\/2024\/03\/L1001165-300x200.jpg 300w, https:\/\/bamboche-basket.com\/wp-content\/uploads\/2024\/03\/L1001165-768x513.jpg 768w, https:\/\/bamboche-basket.com\/wp-content\/uploads\/2024\/03\/L1001165-1536x1025.jpg 1536w, https:\/\/bamboche-basket.com\/wp-content\/uploads\/2024\/03\/L1001165-2048x1367.jpg 2048w\" sizes=\"auto, (max-width: 1024px) 100vw, 1024px\" \/><\/figure>\n\n\n\n<figure class=\"wp-block-image size-large\"><img loading=\"lazy\" decoding=\"async\" width=\"1024\" height=\"683\" data-id=\"98\" src=\"https:\/\/bamboche-basket.com\/wp-content\/uploads\/2024\/03\/L1001166-1024x683.jpg\" alt=\"\" class=\"wp-image-98\" srcset=\"https:\/\/bamboche-basket.com\/wp-content\/uploads\/2024\/03\/L1001166-1024x683.jpg 1024w, https:\/\/bamboche-basket.com\/wp-content\/uploads\/2024\/03\/L1001166-300x200.jpg 300w, https:\/\/bamboche-basket.com\/wp-content\/uploads\/2024\/03\/L1001166-768x513.jpg 768w, https:\/\/bamboche-basket.com\/wp-content\/uploads\/2024\/03\/L1001166-1536x1025.jpg 1536w, https:\/\/bamboche-basket.com\/wp-content\/uploads\/2024\/03\/L1001166-2048x1367.jpg 2048w\" sizes=\"auto, (max-width: 1024px) 100vw, 1024px\" \/><\/figure>\n\n\n\n<figure class=\"wp-block-image size-large\"><img loading=\"lazy\" decoding=\"async\" width=\"1024\" height=\"683\" data-id=\"99\" src=\"https:\/\/bamboche-basket.com\/wp-content\/uploads\/2024\/03\/L1001175-1024x683.jpg\" alt=\"\" class=\"wp-image-99\" srcset=\"https:\/\/bamboche-basket.com\/wp-content\/uploads\/2024\/03\/L1001175-1024x683.jpg 1024w, https:\/\/bamboche-basket.com\/wp-content\/uploads\/2024\/03\/L1001175-300x200.jpg 300w, https:\/\/bamboche-basket.com\/wp-content\/uploads\/2024\/03\/L1001175-768x513.jpg 768w, https:\/\/bamboche-basket.com\/wp-content\/uploads\/2024\/03\/L1001175-1536x1025.jpg 1536w, https:\/\/bamboche-basket.com\/wp-content\/uploads\/2024\/03\/L1001175-2048x1367.jpg 2048w\" sizes=\"auto, (max-width: 1024px) 100vw, 1024px\" \/><\/figure>\n\n\n\n<figure class=\"wp-block-image size-large\"><img loading=\"lazy\" decoding=\"async\" width=\"1024\" height=\"683\" data-id=\"101\" src=\"https:\/\/bamboche-basket.com\/wp-content\/uploads\/2024\/03\/L1001180-1024x683.jpg\" alt=\"\" class=\"wp-image-101\" srcset=\"https:\/\/bamboche-basket.com\/wp-content\/uploads\/2024\/03\/L1001180-1024x683.jpg 1024w, https:\/\/bamboche-basket.com\/wp-content\/uploads\/2024\/03\/L1001180-300x200.jpg 300w, https:\/\/bamboche-basket.com\/wp-content\/uploads\/2024\/03\/L1001180-768x513.jpg 768w, https:\/\/bamboche-basket.com\/wp-content\/uploads\/2024\/03\/L1001180-1536x1025.jpg 1536w, https:\/\/bamboche-basket.com\/wp-content\/uploads\/2024\/03\/L1001180-2048x1367.jpg 2048w\" sizes=\"auto, (max-width: 1024px) 100vw, 1024px\" \/><\/figure>\n\n\n\n<figure class=\"wp-block-image size-large\"><img loading=\"lazy\" decoding=\"async\" width=\"1024\" height=\"683\" data-id=\"102\" src=\"https:\/\/bamboche-basket.com\/wp-content\/uploads\/2024\/03\/L1001182-1024x683.jpg\" alt=\"\" class=\"wp-image-102\" srcset=\"https:\/\/bamboche-basket.com\/wp-content\/uploads\/2024\/03\/L1001182-1024x683.jpg 1024w, https:\/\/bamboche-basket.com\/wp-content\/uploads\/2024\/03\/L1001182-300x200.jpg 300w, https:\/\/bamboche-basket.com\/wp-content\/uploads\/2024\/03\/L1001182-768x513.jpg 768w, https:\/\/bamboche-basket.com\/wp-content\/uploads\/2024\/03\/L1001182-1536x1025.jpg 1536w, https:\/\/bamboche-basket.com\/wp-content\/uploads\/2024\/03\/L1001182-2048x1367.jpg 2048w\" sizes=\"auto, (max-width: 1024px) 100vw, 1024px\" \/><\/figure>\n\n\n\n<figure class=\"wp-block-image size-large\"><img loading=\"lazy\" decoding=\"async\" width=\"1024\" height=\"683\" data-id=\"91\" src=\"https:\/\/bamboche-basket.com\/wp-content\/uploads\/2024\/03\/L1001162-1024x683.jpg\" alt=\"\" class=\"wp-image-91\" srcset=\"https:\/\/bamboche-basket.com\/wp-content\/uploads\/2024\/03\/L1001162-1024x683.jpg 1024w, https:\/\/bamboche-basket.com\/wp-content\/uploads\/2024\/03\/L1001162-300x200.jpg 300w, https:\/\/bamboche-basket.com\/wp-content\/uploads\/2024\/03\/L1001162-768x513.jpg 768w, https:\/\/bamboche-basket.com\/wp-content\/uploads\/2024\/03\/L1001162-1536x1025.jpg 1536w, https:\/\/bamboche-basket.com\/wp-content\/uploads\/2024\/03\/L1001162-2048x1367.jpg 2048w\" sizes=\"auto, (max-width: 1024px) 100vw, 1024px\" \/><\/figure>\n\n\n\n<figure class=\"wp-block-image size-large\"><img loading=\"lazy\" decoding=\"async\" width=\"1024\" height=\"683\" data-id=\"103\" src=\"https:\/\/bamboche-basket.com\/wp-content\/uploads\/2024\/03\/L1001188-1024x683.jpg\" alt=\"\" class=\"wp-image-103\" srcset=\"https:\/\/bamboche-basket.com\/wp-content\/uploads\/2024\/03\/L1001188-1024x683.jpg 1024w, https:\/\/bamboche-basket.com\/wp-content\/uploads\/2024\/03\/L1001188-300x200.jpg 300w, https:\/\/bamboche-basket.com\/wp-content\/uploads\/2024\/03\/L1001188-768x513.jpg 768w, https:\/\/bamboche-basket.com\/wp-content\/uploads\/2024\/03\/L1001188-1536x1025.jpg 1536w, https:\/\/bamboche-basket.com\/wp-content\/uploads\/2024\/03\/L1001188-2048x1367.jpg 2048w\" sizes=\"auto, (max-width: 1024px) 100vw, 1024px\" \/><\/figure>\n\n\n\n<figure class=\"wp-block-image size-large\"><img loading=\"lazy\" decoding=\"async\" width=\"1024\" height=\"683\" data-id=\"104\" src=\"https:\/\/bamboche-basket.com\/wp-content\/uploads\/2024\/03\/L1001214-1024x683.jpg\" alt=\"\" class=\"wp-image-104\" srcset=\"https:\/\/bamboche-basket.com\/wp-content\/uploads\/2024\/03\/L1001214-1024x683.jpg 1024w, https:\/\/bamboche-basket.com\/wp-content\/uploads\/2024\/03\/L1001214-300x200.jpg 300w, https:\/\/bamboche-basket.com\/wp-content\/uploads\/2024\/03\/L1001214-768x513.jpg 768w, https:\/\/bamboche-basket.com\/wp-content\/uploads\/2024\/03\/L1001214-1536x1025.jpg 1536w, https:\/\/bamboche-basket.com\/wp-content\/uploads\/2024\/03\/L1001214-2048x1367.jpg 2048w\" sizes=\"auto, (max-width: 1024px) 100vw, 1024px\" \/><\/figure>\n\n\n\n<figure class=\"wp-block-image size-large\"><img loading=\"lazy\" decoding=\"async\" width=\"1024\" height=\"683\" data-id=\"105\" src=\"https:\/\/bamboche-basket.com\/wp-content\/uploads\/2024\/03\/L1001159-1024x683.jpg\" alt=\"\" class=\"wp-image-105\" srcset=\"https:\/\/bamboche-basket.com\/wp-content\/uploads\/2024\/03\/L1001159-1024x683.jpg 1024w, https:\/\/bamboche-basket.com\/wp-content\/uploads\/2024\/03\/L1001159-300x200.jpg 300w, https:\/\/bamboche-basket.com\/wp-content\/uploads\/2024\/03\/L1001159-768x513.jpg 768w, https:\/\/bamboche-basket.com\/wp-content\/uploads\/2024\/03\/L1001159-1536x1025.jpg 1536w, https:\/\/bamboche-basket.com\/wp-content\/uploads\/2024\/03\/L1001159-2048x1367.jpg 2048w\" sizes=\"auto, (max-width: 1024px) 100vw, 1024px\" \/><\/figure>\n\n\n\n<figure class=\"wp-block-image size-large\"><img loading=\"lazy\" decoding=\"async\" width=\"1024\" height=\"683\" data-id=\"100\" src=\"https:\/\/bamboche-basket.com\/wp-content\/uploads\/2024\/03\/L1001176-1024x683.jpg\" alt=\"\" class=\"wp-image-100\" srcset=\"https:\/\/bamboche-basket.com\/wp-content\/uploads\/2024\/03\/L1001176-1024x683.jpg 1024w, https:\/\/bamboche-basket.com\/wp-content\/uploads\/2024\/03\/L1001176-300x200.jpg 300w, https:\/\/bamboche-basket.com\/wp-content\/uploads\/2024\/03\/L1001176-768x513.jpg 768w, https:\/\/bamboche-basket.com\/wp-content\/uploads\/2024\/03\/L1001176-1536x1025.jpg 1536w, https:\/\/bamboche-basket.com\/wp-content\/uploads\/2024\/03\/L1001176-2048x1367.jpg 2048w\" sizes=\"auto, (max-width: 1024px) 100vw, 1024px\" \/><\/figure>\n\n\n\n<figure class=\"wp-block-image size-large\"><img loading=\"lazy\" decoding=\"async\" width=\"1024\" height=\"683\" data-id=\"93\" src=\"https:\/\/bamboche-basket.com\/wp-content\/uploads\/2024\/03\/L1001172-1024x683.jpg\" alt=\"\" class=\"wp-image-93\" srcset=\"https:\/\/bamboche-basket.com\/wp-content\/uploads\/2024\/03\/L1001172-1024x683.jpg 1024w, https:\/\/bamboche-basket.com\/wp-content\/uploads\/2024\/03\/L1001172-300x200.jpg 300w, https:\/\/bamboche-basket.com\/wp-content\/uploads\/2024\/03\/L1001172-768x513.jpg 768w, https:\/\/bamboche-basket.com\/wp-content\/uploads\/2024\/03\/L1001172-1536x1025.jpg 1536w, https:\/\/bamboche-basket.com\/wp-content\/uploads\/2024\/03\/L1001172-2048x1367.jpg 2048w\" sizes=\"auto, (max-width: 1024px) 100vw, 1024px\" \/><\/figure>\n\n\n\n<figure class=\"wp-block-image size-large\"><img loading=\"lazy\" decoding=\"async\" width=\"1024\" height=\"683\" data-id=\"108\" src=\"https:\/\/bamboche-basket.com\/wp-content\/uploads\/2024\/03\/L1001208-1024x683.jpg\" alt=\"\" class=\"wp-image-108\" srcset=\"https:\/\/bamboche-basket.com\/wp-content\/uploads\/2024\/03\/L1001208-1024x683.jpg 1024w, https:\/\/bamboche-basket.com\/wp-content\/uploads\/2024\/03\/L1001208-300x200.jpg 300w, https:\/\/bamboche-basket.com\/wp-content\/uploads\/2024\/03\/L1001208-768x513.jpg 768w, https:\/\/bamboche-basket.com\/wp-content\/uploads\/2024\/03\/L1001208-1536x1025.jpg 1536w, https:\/\/bamboche-basket.com\/wp-content\/uploads\/2024\/03\/L1001208-2048x1367.jpg 2048w\" sizes=\"auto, (max-width: 1024px) 100vw, 1024px\" \/><\/figure>\n<\/figure>\n","protected":false},"excerpt":{"rendered":"<p>Le rendez-vous \u00e9tait bien sympathique du c\u00f4t\u00e9 du Puy-las-Rodas jeudi 14 mars 2024 chez notre comparse Franck Pagnoux. De belles discussions ap\u00e9ritives, des d\u00e9gustations saveurs et des lancers de dards \u00e0 volont\u00e9 et sans compter (les points). Nous avons aussi valid\u00e9 notre projet associatif avec notamment : le d\u00e9veloppement du basket 3&#215;3, des animations dans&#8230;<\/p>\n","protected":false},"author":1,"featured_media":0,"parent":0,"menu_order":2,"comment_status":"closed","ping_status":"closed","template":"","meta":{"_kad_post_transparent":"default","_kad_post_title":"default","_kad_post_layout":"","_kad_post_sidebar_id":"","_kad_post_content_style":"","_kad_post_vertical_padding":"","_kad_post_feature":"","_kad_post_feature_position":"","_kad_post_header":false,"_kad_post_footer":false,"_kad_post_classname":"","footnotes":""},"class_list":["post-112","page","type-page","status-publish","hentry"],"_links":{"self":[{"href":"https:\/\/bamboche-basket.com\/index.php\/wp-json\/wp\/v2\/pages\/112","targetHints":{"allow":["GET"]}}],"collection":[{"href":"https:\/\/bamboche-basket.com\/index.php\/wp-json\/wp\/v2\/pages"}],"about":[{"href":"https:\/\/bamboche-basket.com\/index.php\/wp-json\/wp\/v2\/types\/page"}],"author":[{"embeddable":true,"href":"https:\/\/bamboche-basket.com\/index.php\/wp-json\/wp\/v2\/users\/1"}],"replies":[{"embeddable":true,"href":"https:\/\/bamboche-basket.com\/index.php\/wp-json\/wp\/v2\/comments?post=112"}],"version-history":[{"count":11,"href":"https:\/\/bamboche-basket.com\/index.php\/wp-json\/wp\/v2\/pages\/112\/revisions"}],"predecessor-version":[{"id":673,"href":"https:\/\/bamboche-basket.com\/index.php\/wp-json\/wp\/v2\/pages\/112\/revisions\/673"}],"wp:attachment":[{"href":"https:\/\/bamboche-basket.com\/index.php\/wp-json\/wp\/v2\/media?parent=112"}],"curies":[{"name":"wp","href":"https:\/\/api.w.org\/{rel}","templated":true}]}}